{"id":2910,"date":"2023-12-18T15:47:17","date_gmt":"2023-12-18T12:47:17","guid":{"rendered":"https:\/\/likyadenetim.com\/?page_id=2910"},"modified":"2023-12-18T16:04:27","modified_gmt":"2023-12-18T13:04:27","slug":"yonetim","status":"publish","type":"page","link":"https:\/\/likyadenetim.com\/ru\/yonetim\/","title":{"rendered":"Y\u00f6netim"},"content":{"rendered":"<div data-elementor-type=\"wp-page\" data-elementor-id=\"2910\" class=\"elementor elementor-2910\" data-elementor-settings=\"{&quot;ha_cmc_init_switcher&quot;:&quot;no&quot;}\">\n\t\t\t\t\t\t<section class=\"elementor-section elementor-top-section elementor-element elementor-element-43ecab3 elementor-section-boxed elementor-section-height-default elementor-section-height-default\" data-id=\"43ecab3\" data-element_type=\"section\" data-settings=\"{&quot;_ha_eqh_enable&quot;:false}\">\n\t\t\t\t\t\t<div class=\"elementor-container elementor-column-gap-default\">\n\t\t\t\t\t<div class=\"elementor-column elementor-col-100 elementor-top-column elementor-element elementor-element-553cd11\" data-id=\"553cd11\" data-element_type=\"column\">\n\t\t\t<div class=\"elementor-widget-wrap elementor-element-populated\">\n\t\t\t\t\t\t<div class=\"elementor-element elementor-element-6012f91 elementor-widget elementor-widget-heading\" data-id=\"6012f91\" data-element_type=\"widget\" data-widget_type=\"heading.default\">\n\t\t\t\t<div class=\"elementor-widget-container\">\n\t\t\t\t\t<h1 class=\"elementor-heading-title elementor-size-default\">Y\u00f6netim Ekibimiz<\/h1>\t\t\t\t<\/div>\n\t\t\t\t<\/div>\n\t\t\t\t\t<\/div>\n\t\t<\/div>\n\t\t\t\t\t<\/div>\n\t\t<\/section>\n\t\t\t\t<section class=\"elementor-section elementor-top-section elementor-element elementor-element-99bff92 elementor-section-boxed elementor-section-height-default elementor-section-height-default\" data-id=\"99bff92\" data-element_type=\"section\" data-settings=\"{&quot;_ha_eqh_enable&quot;:false}\">\n\t\t\t\t\t\t<div class=\"elementor-container elementor-column-gap-default\">\n\t\t\t\t\t<div class=\"elementor-column elementor-col-50 elementor-top-column elementor-element elementor-element-2976f23\" data-id=\"2976f23\" data-element_type=\"column\">\n\t\t\t<div class=\"elementor-widget-wrap elementor-element-populated\">\n\t\t\t\t\t\t<div class=\"elementor-element elementor-element-76fcd01 elementor-widget elementor-widget-image\" data-id=\"76fcd01\" data-element_type=\"widget\" data-widget_type=\"image.default\">\n\t\t\t\t<div class=\"elementor-widget-container\">\n\t\t\t\t\t\t\t\t\t\t\t\t\t\t\t<img fetchpriority=\"high\" decoding=\"async\" width=\"250\" height=\"300\" src=\"https:\/\/likyadenetim.com\/wp-content\/uploads\/2023\/12\/Adem-TOKSOZ.jpg\" class=\"attachment-large size-large wp-image-2912\" alt=\"Adem TOKS\u00d6Z\" srcset=\"https:\/\/likyadenetim.com\/wp-content\/uploads\/2023\/12\/Adem-TOKSOZ.jpg 250w, https:\/\/likyadenetim.com\/wp-content\/uploads\/2023\/12\/Adem-TOKSOZ-10x12.jpg 10w\" sizes=\"(max-width: 250px) 100vw, 250px\" \/>\t\t\t\t\t\t\t\t\t\t\t\t\t\t\t<\/div>\n\t\t\t\t<\/div>\n\t\t\t\t\t<\/div>\n\t\t<\/div>\n\t\t\t\t<div class=\"elementor-column elementor-col-50 elementor-top-column elementor-element elementor-element-c0f61bc\" data-id=\"c0f61bc\" data-element_type=\"column\">\n\t\t\t<div class=\"elementor-widget-wrap elementor-element-populated\">\n\t\t\t\t\t\t<div class=\"elementor-element elementor-element-1c8d588 elementor-widget elementor-widget-text-editor\" data-id=\"1c8d588\" data-element_type=\"widget\" data-widget_type=\"text-editor.default\">\n\t\t\t\t<div class=\"elementor-widget-container\">\n\t\t\t\t\t\t\t\t\t<p><strong>ADEM TOKS\u00d6Z<\/strong><br \/>Y\u00d6NET\u0130M KURULU BA\u015eKANI<br \/>Yeminli Mali M\u00fc\u015favir, Ba\u011f\u0131ms\u0131z Denet\u00e7i<\/p>\t\t\t\t\t\t\t\t<\/div>\n\t\t\t\t<\/div>\n\t\t\t\t<div class=\"elementor-element elementor-element-b9129dc elementor-widget elementor-widget-text-editor\" data-id=\"b9129dc\" data-element_type=\"widget\" data-widget_type=\"text-editor.default\">\n\t\t\t\t<div class=\"elementor-widget-container\">\n\t\t\t\t\t\t\t\t\t<p>1980 y\u0131l\u0131nda Antalya\u2019da do\u011fdu.<\/p><p>Anadolu \u00dcniversitesi \u0130ktisadi \u0130dari Bilimler Fak\u00fcltesi \u0130\u015fletme B\u00f6l\u00fcm\u00fcnden 2002 y\u0131l\u0131nda mezun oldu<\/p><p>Maliye Bakanl\u0131\u011f\u0131nca a\u00e7\u0131lan yar\u0131\u015fma s\u0131nav\u0131nda ba\u015far\u0131l\u0131 olarak 2003 y\u0131l\u0131nda Vergi Denetmen Yard\u0131mc\u0131s\u0131 olarak \u00e7al\u0131\u015fmaya ba\u015flad\u0131.<\/p><p>2011 y\u0131l\u0131nda, Maliye Bakanl\u0131\u011f\u0131n\u0131n vergi denetimini tek \u00e7at\u0131 alt\u0131nda toplama \u00e7al\u0131\u015fmalar\u0131 kapsam\u0131nda kurulan Vergi Denetim Kurulu Ba\u015fkanl\u0131\u011f\u0131nda Vergi M\u00fcfetti\u015fi olarak g\u00f6rev ald\u0131.<\/p><p>2011-2014 y\u0131llar\u0131 aras\u0131nda Antalya Grup Ba\u015fkanl\u0131\u011f\u0131nda Ba\u015fkan Yard\u0131mc\u0131s\u0131 olarak g\u00f6rev yapt\u0131. Bu g\u00f6revi s\u0131ras\u0131nda Vergi M\u00fcfetti\u015f Yard\u0131mlar\u0131n\u0131n e\u011fitim \u00e7al\u0131\u015fmalar\u0131, rapor de\u011ferlendirme komisyonu \u00fcyeli\u011fi ve rapor de\u011ferlendirme komisyonlar\u0131n\u0131n i\u015fleyi\u015finden sorum ba\u015fkan yard\u0131mc\u0131s\u0131 olarak g\u00f6rev yapt\u0131.<\/p><p>2014-2018 y\u0131llar\u0131 aras\u0131nda VDK Adana Grup Ba\u015fkanl\u0131\u011f\u0131nda Grup Ba\u015fkan\u0131 olarak g\u00f6rev yapt\u0131<\/p>\t\t\t\t\t\t\t\t<\/div>\n\t\t\t\t<\/div>\n\t\t\t\t\t<\/div>\n\t\t<\/div>\n\t\t\t\t\t<\/div>\n\t\t<\/section>\n\t\t\t\t<section class=\"elementor-section elementor-top-section elementor-element elementor-element-441bfab elementor-reverse-tablet elementor-reverse-mobile elementor-section-boxed elementor-section-height-default elementor-section-height-default\" data-id=\"441bfab\" data-element_type=\"section\" data-settings=\"{&quot;_ha_eqh_enable&quot;:false}\">\n\t\t\t\t\t\t<div class=\"elementor-container elementor-column-gap-default\">\n\t\t\t\t\t<div class=\"elementor-column elementor-col-50 elementor-top-column elementor-element elementor-element-bf9efe7\" data-id=\"bf9efe7\" data-element_type=\"column\">\n\t\t\t<div class=\"elementor-widget-wrap elementor-element-populated\">\n\t\t\t\t\t\t<div class=\"elementor-element elementor-element-2082ad4 elementor-widget elementor-widget-text-editor\" data-id=\"2082ad4\" data-element_type=\"widget\" data-widget_type=\"text-editor.default\">\n\t\t\t\t<div class=\"elementor-widget-container\">\n\t\t\t\t\t\t\t\t\t<p><strong>SEFA ALTUNTA\u015e<\/strong><br \/>Yeminli Mali M\u00fc\u015favir<\/p>\t\t\t\t\t\t\t\t<\/div>\n\t\t\t\t<\/div>\n\t\t\t\t<div class=\"elementor-element elementor-element-a2ef7e7 elementor-widget elementor-widget-text-editor\" data-id=\"a2ef7e7\" data-element_type=\"widget\" data-widget_type=\"text-editor.default\">\n\t\t\t\t<div class=\"elementor-widget-container\">\n\t\t\t\t\t\t\t\t\t<p>Gazi \u00dcniversitesi \u0130ktisadi \u0130dari Bilimler Fak\u00fcltesi \u00c7al\u0131\u015fma Ekonomisi End\u00fcstri \u0130li\u015fkileri B\u00f6l\u00fcm\u00fcnden 2002 y\u0131l\u0131nda mezun olmu\u015ftur. E\u011fitim hayat\u0131 s\u0131ras\u0131nda \u00f6zel sekt\u00f6rde \u00e7al\u0131\u015ft\u0131.<\/p><p>Maliye Bakanl\u0131\u011f\u0131nca a\u00e7\u0131lan yar\u0131\u015fma s\u0131nav\u0131nda ba\u015far\u0131l\u0131 olarak 20 Eyl\u00fcl 2005 tarihinde, Vergi Denetmen Yard\u0131mc\u0131s\u0131 olarak \u00e7al\u0131\u015fmaya ba\u015flad\u0131.<\/p><p>2011 y\u0131l\u0131nda, Maliye Bakanl\u0131\u011f\u0131n\u0131n vergi denetimini tek \u00e7at\u0131 alt\u0131nda toplama \u00e7al\u0131\u015fmalar\u0131 kapsam\u0131nda kurulan Vergi Denetim Kurulu Ba\u015fkanl\u0131\u011f\u0131nda Vergi M\u00fcfetti\u015fi olarak g\u00f6rev ald\u0131. \u00c7e\u015fitli sekt\u00f6rlerde vergi inceleme g\u00f6revi ile birlikte sekt\u00f6rel incelemelerde ekip ba\u015fkanl\u0131\u011f\u0131 ve koordinat\u00f6r m\u00fcfetti\u015f olarak g\u00f6rev yapt\u0131.<\/p><p>2014 y\u0131l\u0131nda Antalya Grup Ba\u015fkanl\u0131\u011f\u0131nda Ba\u015fkan Yard\u0131mc\u0131s\u0131 olarak g\u00f6revlendirildi. Bu g\u00f6revi s\u0131ras\u0131nda Vergi M\u00fcfetti\u015f Yard\u0131mc\u0131lar\u0131n\u0131n e\u011fitim \u00e7al\u0131\u015fmalar\u0131nda aktif g\u00f6rev ald\u0131. Bu g\u00f6revi ile birlikte rapor de\u011ferlendirme komisyonu \u00fcyeli\u011fi ve rapor de\u011ferlendirme komisyonlar\u0131n\u0131n i\u015fleyi\u015finden sorum ba\u015fkan yard\u0131mc\u0131s\u0131 olarak g\u00f6rev yapt\u0131.<\/p><p>2019 y\u0131l\u0131nda Antalya Denetim Daire Ba\u015fkanl\u0131\u011f\u0131nda \u201cAntalya, Diyarbak\u0131r, Denizli, Burdur, Isparta, U\u015fak, Afyonkarahisar\u201d illerinin vergi inceleme koordinasyonundan sorumlu Ba\u015fkan Yard\u0131mc\u0131s\u0131 olarak g\u00f6rev yapt\u0131.<\/p><p>2020 y\u0131l\u0131 Aral\u0131k ay\u0131nda T\u00fcrkiye Serbest Muhasebeci Mali M\u00fc\u015favirler ve Yeminli Mali M\u00fc\u015favirler Odalar\u0131 Birli\u011fince yap\u0131lan s\u0131navda ba\u015far\u0131 g\u00f6stererek Yeminli Mali M\u00fc\u015favir olmaya hak kazand\u0131.<\/p><p>8 \u015eubat 2022 tarihinde yay\u0131mlanan Cumhurba\u015fkanl\u0131\u011f\u0131 Kararnamesi ile Hazine ve Maliye Bakanl\u0131\u011f\u0131 Vergi Ba\u015fm\u00fcfetti\u015fi olarak atand\u0131.<\/p><p>15 Eyl\u00fcl 2022 tarihinde kamu g\u00f6revlerinden istifa ederek Likya Yeminli Mali M\u00fc\u015favirlik Denetim Dan\u0131\u015fmanl\u0131k A.\u015e.\u2019de yeminli mali m\u00fc\u015favir olarak \u00e7al\u0131\u015fmaya ba\u015flad\u0131.<\/p>\t\t\t\t\t\t\t\t<\/div>\n\t\t\t\t<\/div>\n\t\t\t\t\t<\/div>\n\t\t<\/div>\n\t\t\t\t<div class=\"elementor-column elementor-col-50 elementor-top-column elementor-element elementor-element-bfa7340\" data-id=\"bfa7340\" data-element_type=\"column\">\n\t\t\t<div class=\"elementor-widget-wrap elementor-element-populated\">\n\t\t\t\t\t\t<div class=\"elementor-element elementor-element-3bacc58 elementor-widget elementor-widget-image\" data-id=\"3bacc58\" data-element_type=\"widget\" data-widget_type=\"image.default\">\n\t\t\t\t<div class=\"elementor-widget-container\">\n\t\t\t\t\t\t\t\t\t\t\t\t\t\t\t<img decoding=\"async\" width=\"311\" height=\"397\" src=\"https:\/\/likyadenetim.com\/wp-content\/uploads\/2023\/12\/Seaf-ALTUNTAS.jpg\" class=\"attachment-large size-large wp-image-2913\" alt=\"Sefa ALTUNTA\u015e\" srcset=\"https:\/\/likyadenetim.com\/wp-content\/uploads\/2023\/12\/Seaf-ALTUNTAS.jpg 311w, https:\/\/likyadenetim.com\/wp-content\/uploads\/2023\/12\/Seaf-ALTUNTAS-9x12.jpg 9w\" sizes=\"(max-width: 311px) 100vw, 311px\" \/>\t\t\t\t\t\t\t\t\t\t\t\t\t\t\t<\/div>\n\t\t\t\t<\/div>\n\t\t\t\t\t<\/div>\n\t\t<\/div>\n\t\t\t\t\t<\/div>\n\t\t<\/section>\n\t\t\t\t<\/div>","protected":false},"excerpt":{"rendered":"<p>Y\u00f6netim Ekibimiz ADEM TOKS\u00d6ZY\u00d6NET\u0130M KURULU BA\u015eKANIYeminli Mali M\u00fc\u015favir, Ba\u011f\u0131ms\u0131z Denet\u00e7i 1980 y\u0131l\u0131nda Antalya\u2019da do\u011fdu. Anadolu \u00dcniversitesi \u0130ktisadi \u0130dari Bilimler Fak\u00fcltesi \u0130\u015fletme B\u00f6l\u00fcm\u00fcnden 2002 y\u0131l\u0131nda mezun oldu Maliye Bakanl\u0131\u011f\u0131nca a\u00e7\u0131lan yar\u0131\u015fma s\u0131nav\u0131nda ba\u015far\u0131l\u0131 olarak 2003 y\u0131l\u0131nda Vergi Denetmen Yard\u0131mc\u0131s\u0131 olarak \u00e7al\u0131\u015fmaya ba\u015flad\u0131. 2011 y\u0131l\u0131nda, Maliye Bakanl\u0131\u011f\u0131n\u0131n vergi denetimini tek \u00e7at\u0131 alt\u0131nda toplama \u00e7al\u0131\u015fmalar\u0131 kapsam\u0131nda kurulan Vergi&#8230;<\/p>","protected":false},"author":2,"featured_media":0,"parent":0,"menu_order":0,"comment_status":"closed","ping_status":"closed","template":"","meta":{"_acf_changed":false,"_kad_post_transparent":"","_kad_post_title":"hide","_kad_post_layout":"fullwidth","_kad_post_sidebar_id":"","_kad_post_content_style":"unboxed","_kad_post_vertical_padding":"hide","_kad_post_feature":"hide","_kad_post_feature_position":"","_kad_post_header":false,"_kad_post_footer":false,"footnotes":""},"class_list":["post-2910","page","type-page","status-publish","hentry"],"acf":[],"_links":{"self":[{"href":"https:\/\/likyadenetim.com\/ru\/wp-json\/wp\/v2\/pages\/2910","targetHints":{"allow":["GET"]}}],"collection":[{"href":"https:\/\/likyadenetim.com\/ru\/wp-json\/wp\/v2\/pages"}],"about":[{"href":"https:\/\/likyadenetim.com\/ru\/wp-json\/wp\/v2\/types\/page"}],"author":[{"embeddable":true,"href":"https:\/\/likyadenetim.com\/ru\/wp-json\/wp\/v2\/users\/2"}],"replies":[{"embeddable":true,"href":"https:\/\/likyadenetim.com\/ru\/wp-json\/wp\/v2\/comments?post=2910"}],"version-history":[{"count":4,"href":"https:\/\/likyadenetim.com\/ru\/wp-json\/wp\/v2\/pages\/2910\/revisions"}],"predecessor-version":[{"id":2916,"href":"https:\/\/likyadenetim.com\/ru\/wp-json\/wp\/v2\/pages\/2910\/revisions\/2916"}],"wp:attachment":[{"href":"https:\/\/likyadenetim.com\/ru\/wp-json\/wp\/v2\/media?parent=2910"}],"curies":[{"name":"wp","href":"https:\/\/api.w.org\/{rel}","templated":true}]}}