{"id":2819,"date":"2022-11-08T15:35:43","date_gmt":"2022-11-08T12:35:43","guid":{"rendered":"https:\/\/likyadenetim.com\/?page_id=2819"},"modified":"2022-11-08T15:58:41","modified_gmt":"2022-11-08T12:58:41","slug":"kariyer","status":"publish","type":"page","link":"https:\/\/likyadenetim.com\/ru\/kariyer\/","title":{"rendered":"\u041a\u0430\u0440\u044c\u0435\u0440\u0430"},"content":{"rendered":"<div data-elementor-type=\"wp-page\" data-elementor-id=\"2819\" class=\"elementor elementor-2819\" data-elementor-settings=\"{&quot;ha_cmc_init_switcher&quot;:&quot;no&quot;}\">\n\t\t\t\t\t\t<section class=\"elementor-section elementor-top-section elementor-element elementor-element-7c883754 elementor-section-boxed elementor-section-height-default elementor-section-height-default\" data-id=\"7c883754\" data-element_type=\"section\" data-settings=\"{&quot;background_background&quot;:&quot;classic&quot;,&quot;_ha_eqh_enable&quot;:false}\">\n\t\t\t\t\t\t<div class=\"elementor-container elementor-column-gap-default\">\n\t\t\t\t\t<div class=\"elementor-column elementor-col-100 elementor-top-column elementor-element elementor-element-2dfbc308\" data-id=\"2dfbc308\" data-element_type=\"column\">\n\t\t\t<div class=\"elementor-widget-wrap elementor-element-populated\">\n\t\t\t\t\t\t<div class=\"elementor-element elementor-element-1b76d053 elementor-widget elementor-widget-heading\" data-id=\"1b76d053\" data-element_type=\"widget\" data-widget_type=\"heading.default\">\n\t\t\t\t<div class=\"elementor-widget-container\">\n\t\t\t\t\t<h1 class=\"elementor-heading-title elementor-size-default\">\u041a\u0430\u0440\u044c\u0435\u0440\u0430<\/h1>\t\t\t\t<\/div>\n\t\t\t\t<\/div>\n\t\t\t\t<div class=\"elementor-element elementor-element-2187a4ff elementor-widget elementor-widget-text-editor\" data-id=\"2187a4ff\" data-element_type=\"widget\" data-widget_type=\"text-editor.default\">\n\t\t\t\t<div class=\"elementor-widget-container\">\n\t\t\t\t\t\t\t\t\t<p>Kariyerinize bizimle devam etmek ister misiniz? A\u015fa\u011f\u0131daki formu kullanarak \u00f6zge\u00e7mi\u015finizi g\u00f6nderebilirsiniz.<\/p>\t\t\t\t\t\t\t\t<\/div>\n\t\t\t\t<\/div>\n\t\t\t\t\t<\/div>\n\t\t<\/div>\n\t\t\t\t\t<\/div>\n\t\t<\/section>\n\t\t\t\t<section class=\"elementor-section elementor-top-section elementor-element elementor-element-ab0d4fa elementor-section-height-min-height elementor-section-items-stretch elementor-section-content-top elementor-section-boxed elementor-section-height-default\" data-id=\"ab0d4fa\" data-element_type=\"section\" data-settings=\"{&quot;background_background&quot;:&quot;classic&quot;,&quot;_ha_eqh_enable&quot;:false}\">\n\t\t\t\t\t\t\t<div class=\"elementor-background-overlay\"><\/div>\n\t\t\t\t\t\t\t<div class=\"elementor-container elementor-column-gap-default\">\n\t\t\t\t\t<div class=\"elementor-column elementor-col-50 elementor-top-column elementor-element elementor-element-2d422b80\" data-id=\"2d422b80\" data-element_type=\"column\" data-settings=\"{&quot;background_background&quot;:&quot;classic&quot;}\">\n\t\t\t<div class=\"elementor-widget-wrap elementor-element-populated\">\n\t\t\t\t\t\t<section class=\"elementor-section elementor-inner-section elementor-element elementor-element-2c3a57f6 elementor-section-boxed elementor-section-height-default elementor-section-height-default\" data-id=\"2c3a57f6\" data-element_type=\"section\" data-settings=\"{&quot;background_background&quot;:&quot;classic&quot;,&quot;_ha_eqh_enable&quot;:false}\">\n\t\t\t\t\t\t<div class=\"elementor-container elementor-column-gap-default\">\n\t\t\t\t\t<div class=\"elementor-column elementor-col-100 elementor-inner-column elementor-element elementor-element-1c2d77d3\" data-id=\"1c2d77d3\" data-element_type=\"column\" data-settings=\"{&quot;background_background&quot;:&quot;classic&quot;}\">\n\t\t\t<div class=\"elementor-widget-wrap\">\n\t\t\t\t\t\t\t<\/div>\n\t\t<\/div>\n\t\t\t\t\t<\/div>\n\t\t<\/section>\n\t\t\t\t\t<\/div>\n\t\t<\/div>\n\t\t\t\t<div class=\"elementor-column elementor-col-50 elementor-top-column elementor-element elementor-element-20e2c97\" data-id=\"20e2c97\" data-element_type=\"column\">\n\t\t\t<div class=\"elementor-widget-wrap elementor-element-populated\">\n\t\t\t\t\t\t<div class=\"elementor-element elementor-element-1e59dc51 elementor-widget elementor-widget-heading\" data-id=\"1e59dc51\" data-element_type=\"widget\" data-widget_type=\"heading.default\">\n\t\t\t\t<div class=\"elementor-widget-container\">\n\t\t\t\t\t<h5 class=\"elementor-heading-title elementor-size-default\">\u041b\u0438\u043a\u0438\u0439\u0441\u043a\u0438\u0439 \u043a\u043e\u043d\u0442\u0440\u043e\u043b\u044c<\/h5>\t\t\t\t<\/div>\n\t\t\t\t<\/div>\n\t\t\t\t<div class=\"elementor-element elementor-element-40d5f830 elementor-widget elementor-widget-text-editor\" data-id=\"40d5f830\" data-element_type=\"widget\" data-widget_type=\"text-editor.default\">\n\t\t\t\t<div class=\"elementor-widget-container\">\n\t\t\t\t\t\t\t\t\t<div class=\"footer-widget-area widget-area site-footer-focus-item footer-widget2 content-align-default content-tablet-align-default content-mobile-align-default content-valign-default content-tablet-valign-default content-mobile-valign-default\" data-section=\"sidebar-widgets-footer2\"><div class=\"footer-widget-area-inner site-info-inner\"><section id=\"text-10\" class=\"widget widget_text\"><div class=\"textwidget\"><p>\u042d\u0442\u0438\u043b\u0435\u0440 \u041c\u0430\u0445. \u042d\u0432\u043b\u0438\u044f \u0427\u0435\u043b\u0435\u0431\u0438 CD.<br \/>\u0420\u0435\u043c\u0435\u043b \u041f\u043b\u0430\u0437\u0430, 23\/207<br \/>\u041c\u0443\u0440\u0430\u0442 \u041f\u0430\u0448\u0430 \u2013 \u0410\u043d\u0442\u0430\u043b\u0438\u044f<\/p><p><span style=\"background-color: transparent; color: var(--global-palette6); font-family: var(--global-body-font-family);\">\u0422\u0435\u043b: +90 242 228 18 18<\/span><\/p><\/div><\/section><\/div><\/div>\t\t\t\t\t\t\t\t<\/div>\n\t\t\t\t<\/div>\n\t\t\t\t<div class=\"elementor-element elementor-element-295efc0 elementor-widget elementor-widget-spacer\" data-id=\"295efc0\" data-element_type=\"widget\" data-widget_type=\"spacer.default\">\n\t\t\t\t<div class=\"elementor-widget-container\">\n\t\t\t\t\t\t\t<div class=\"elementor-spacer\">\n\t\t\t<div class=\"elementor-spacer-inner\"><\/div>\n\t\t<\/div>\n\t\t\t\t\t\t<\/div>\n\t\t\t\t<\/div>\n\t\t\t\t\t<\/div>\n\t\t<\/div>\n\t\t\t\t\t<\/div>\n\t\t<\/section>\n\t\t\t\t<section class=\"elementor-section elementor-top-section elementor-element elementor-element-6aa3eafc elementor-section-full_width elementor-section-height-default elementor-section-height-default\" data-id=\"6aa3eafc\" data-element_type=\"section\" data-settings=\"{&quot;_ha_eqh_enable&quot;:false}\">\n\t\t\t\t\t\t<div class=\"elementor-container elementor-column-gap-default\">\n\t\t\t\t\t<div class=\"elementor-column elementor-col-100 elementor-top-column elementor-element elementor-element-658d5e8e\" data-id=\"658d5e8e\" data-element_type=\"column\">\n\t\t\t<div class=\"elementor-widget-wrap elementor-element-populated\">\n\t\t\t\t\t\t<div class=\"elementor-element elementor-element-6b01aeeb elementor-widget elementor-widget-google_maps\" data-id=\"6b01aeeb\" data-element_type=\"widget\" data-widget_type=\"google_maps.default\">\n\t\t\t\t<div class=\"elementor-widget-container\">\n\t\t\t\t\t\t\t<div class=\"elementor-custom-embed\">\n\t\t\t<iframe loading=\"lazy\"\n\t\t\t\t\tsrc=\"https:\/\/maps.google.com\/maps?q=remel%20plaza%2C%20antalya&#038;t=m&#038;z=15&#038;output=embed&#038;iwloc=near\"\n\t\t\t\t\ttitle=\"\u0420\u0435\u043c\u0435\u043b\u044c \u041f\u043b\u0430\u0437\u0430, \u0410\u043d\u0442\u0430\u043b\u044c\u044f\"\n\t\t\t\t\taria-label=\"\u0420\u0435\u043c\u0435\u043b\u044c \u041f\u043b\u0430\u0437\u0430, \u0410\u043d\u0442\u0430\u043b\u044c\u044f\"\n\t\t\t><\/iframe>\n\t\t<\/div>\n\t\t\t\t\t\t<\/div>\n\t\t\t\t<\/div>\n\t\t\t\t\t<\/div>\n\t\t<\/div>\n\t\t\t\t\t<\/div>\n\t\t<\/section>\n\t\t\t\t<\/div>","protected":false},"excerpt":{"rendered":"<p>Kariyer Kariyerinize bizimle devam etmek ister misiniz? A\u015fa\u011f\u0131daki formu kullanarak \u00f6zge\u00e7mi\u015finizi g\u00f6nderebilirsiniz. Ad &#8211; Soyad Eposta Adresi Konu Mesaj L\u00fctfen yaln\u0131zca Word ve Pdf dosya t\u00fcr\u00fcne izin verildi\u011fini unutmay\u0131n. Likya Denetim Etiler Mah. Evliya \u00c7elebi Cd.Remel Plaza, 23\/207MuratPa\u015fa \u2013 Antalya Tel: +90 242 228 18 18<\/p>","protected":false},"author":2,"featured_media":0,"parent":0,"menu_order":0,"comment_status":"closed","ping_status":"closed","template":"","meta":{"_acf_changed":false,"_kad_post_transparent":"","_kad_post_title":"hide","_kad_post_layout":"fullwidth","_kad_post_sidebar_id":"","_kad_post_content_style":"unboxed","_kad_post_vertical_padding":"hide","_kad_post_feature":"hide","_kad_post_feature_position":"","_kad_post_header":false,"_kad_post_footer":false,"footnotes":""},"class_list":["post-2819","page","type-page","status-publish","hentry"],"acf":[],"_links":{"self":[{"href":"https:\/\/likyadenetim.com\/ru\/wp-json\/wp\/v2\/pages\/2819","targetHints":{"allow":["GET"]}}],"collection":[{"href":"https:\/\/likyadenetim.com\/ru\/wp-json\/wp\/v2\/pages"}],"about":[{"href":"https:\/\/likyadenetim.com\/ru\/wp-json\/wp\/v2\/types\/page"}],"author":[{"embeddable":true,"href":"https:\/\/likyadenetim.com\/ru\/wp-json\/wp\/v2\/users\/2"}],"replies":[{"embeddable":true,"href":"https:\/\/likyadenetim.com\/ru\/wp-json\/wp\/v2\/comments?post=2819"}],"version-history":[{"count":7,"href":"https:\/\/likyadenetim.com\/ru\/wp-json\/wp\/v2\/pages\/2819\/revisions"}],"predecessor-version":[{"id":2828,"href":"https:\/\/likyadenetim.com\/ru\/wp-json\/wp\/v2\/pages\/2819\/revisions\/2828"}],"wp:attachment":[{"href":"https:\/\/likyadenetim.com\/ru\/wp-json\/wp\/v2\/media?parent=2819"}],"curies":[{"name":"wp","href":"https:\/\/api.w.org\/{rel}","templated":true}]}}